{"id":86,"date":"2020-04-23T14:49:55","date_gmt":"2020-04-23T12:49:55","guid":{"rendered":"https:\/\/buntebueffel.com\/projekte\/digitalpiloten\/?page_id=86"},"modified":"2020-05-25T12:30:41","modified_gmt":"2020-05-25T10:30:41","slug":"impressum","status":"publish","type":"page","link":"https:\/\/buntebueffel.com\/projekte\/digitalpiloten\/impressum\/","title":{"rendered":"Impressum"},"content":{"rendered":"<section class=\"l-section wpb_row height_medium\"><div class=\"l-section-h i-cf\"><div class=\"g-cols vc_row type_default valign_top\"><div class=\"vc_col-sm-12 wpb_column vc_column_container\"><div class=\"vc_column-inner\"><div class=\"wpb_wrapper\"><div class=\"wpb_text_column\" ><div class=\"wpb_wrapper\"><h1><strong>Impressum<\/strong><\/h1>\n<p>Dies ist ein gemeinsamer Internetauftritt der Digital-Piloten, eine Initiative von:<\/p>\n<p>&nbsp;<\/p>\n<h3>Institut f\u00fcr Lernen und Innovation in Netzwerken (ILIN)<\/h3>\n<p>Hochschule Karlsruhe \u2013\u00a0Technik und Wirtschaft<br \/>\nMoltkestra\u00dfe 30<br \/>\n76133 Karlsruhe<\/p>\n<p>Tel.: <a href=\"tel:07219252966\">+49 (0) 721 9 25 2966<\/a><br \/>\nFax: +49 (0) 721 9 25 2965<\/p>\n<p>E-Mail: <a href=\"mailto:steffen.kinkel@hs-karlsruhe.de\">steffen.kinkel@hs-karlsruhe.de<\/a><\/p>\n<p>Institutsleitung: Prof. Dr. rer. pol. Steffen Kinkel<\/p>\n<p>&nbsp;<\/p>\n<h3>IODATA GmbH<\/h3>\n<p>Steinh\u00e4userstra\u00dfe 20<br \/>\n76135 Karlsruhe<\/p>\n<p>Tel.: <a href=\"tel:0721626970\">+49 (0) 721 626 97 0<\/a><br \/>\nFax: +49 (0) 721 626 97 77<\/p>\n<p>E-Mail: <a href=\"mailto:info@iodata.de\">info@iodata.de<\/a><\/p>\n<p>Gesch\u00e4ftsf\u00fchrer: Michael Vetter<\/p>\n<p>Amtsgericht Mannheim: HRB-109046<br \/>\nUmsatzsteuer-Identifikationsnummer gem\u00e4\u00df \u00a727 Umsatzsteuergesetz: DE212158658<\/p>\n<p>&nbsp;<\/p>\n<h3>AGIMERO GmbH<\/h3>\n<p>Greschbachstra\u00dfe 19<br \/>\n76229 Karlsruhe<\/p>\n<p>Tel.: <a href=\"tel:072178204701\">+49 (0) 721 782047 &#8211; 01<\/a><br \/>\nFax: +49 (0) 721 782047 &#8211; 02<\/p>\n<p>E-Mail: <a href=\"mailto:bernd.duerring@agimero.com\">bernd.duerring@agimero.com<\/a><\/p>\n<p>Gesch\u00e4ftsf\u00fchrer: Bernd D\u00fcrring<\/p>\n<p>Amtsgericht Mannheim: HRB 718898<br \/>\nUmsatzsteuer-Identifikationsnummer gem\u00e4\u00df \u00a7 27 Umsatzsteuergesetz: DE 280 264 817<\/p>\n<p>&nbsp;<\/p>\n<h3>HERLANCO\u00ae GmbH<\/h3>\n<p>Gerwigstra\u00dfe 53<br \/>\n76131 Karlsruhe<\/p>\n<p>Tel.: <a href=\"tel:0721615016\">+49 (0) 721 61 50 16<\/a><br \/>\nFax: +49 (0) 721 61 52 44<\/p>\n<p>E-Mail: <a href=\"mailto:herlan@herlanco.de\">herlan@herlanco.de<\/a><\/p>\n<p>Gesch\u00e4ftsf\u00fchrer: Dr.-Ing. Thomas Herlan<\/p>\n<p>Amtsgericht Mannheim: HRB 705116<br \/>\nUmsatzsteuer-Identifikationsnummer gem\u00e4\u00df \u00a7 27 Umsatzsteuergesetz: DE 262074849<\/p>\n<p>&nbsp;<\/p>\n<h3>dr. haasters &amp; partner gmbh<\/h3>\n<p>Bocksdornweg 62<br \/>\n76149 Karlsruhe<\/p>\n<p>Tel.: <a href=\"tel:0721972120\">+49 (0) 721 97212-0<\/a><br \/>\nFax: +49 (0) 721 97212-24<\/p>\n<p>E-Mail: <a href=\"mailto:info@drhaasters.com\">info@drhaasters.com<\/a><\/p>\n<p>Gesch\u00e4ftsf\u00fchrer: Dr. Dipl.-Wi.-Ing. Karsten Haasters<\/p>\n<p>Handelsregister Karlsruhe: HRB 5073<br \/>\nUmsatzsteuer-Identifikationsnummer gem\u00e4\u00df \u00a7 27 Umsatzsteuergesetz: DE 1435 96419<\/p>\n<p>&nbsp;<\/p>\n<p>&nbsp;<\/p>\n<h3>bunte b\u00fcffel GmbH<\/h3>\n<p>Fiduciastra\u00dfe 6<br \/>\n76227 Karlsruhe<\/p>\n<p>Tel.: <a href=\"tel:072191511870\">+49 (0)721 915 11 87-0<\/a><br \/>\nFax: +49 (0)721 915 11 87-311<\/p>\n<p>E-Mail: <a href=\"mailto:post@buntebueffel.com\">post@buntebueffel.com<\/a><\/p>\n<p>Gesch\u00e4ftsf\u00fchrerin: Andrea Scheurer<\/p>\n<p>Amtsgericht Mannheim: HRB 111276<br \/>\nUmsatzsteuer-Identifikationsnummer gem\u00e4\u00df \u00a7 27 Umsatzsteuergesetz: DE249264181<\/p>\n<\/div><\/div><\/div><\/div><\/div><\/div><\/div><\/section>\n","protected":false},"excerpt":{"rendered":"Impressum Dies ist ein gemeinsamer Internetauftritt der Digital-Piloten, eine Initiative von: &nbsp; Institut f\u00fcr Lernen und Innovation in Netzwerken (ILIN) Hochschule Karlsruhe \u2013\u00a0Technik und Wirtschaft Moltkestra\u00dfe 30 76133 Karlsruhe Tel.: +49 (0) 721 9 25 2966 Fax: +49 (0) 721 9 25 2965 E-Mail: steffen.kinkel@hs-karlsruhe.de Institutsleitung: Prof. Dr. rer. pol. Steffen Kinkel &nbsp; IODATA GmbH...","protected":false},"author":1,"featured_media":0,"parent":0,"menu_order":0,"comment_status":"closed","ping_status":"closed","template":"","meta":{"footnotes":""},"class_list":["post-86","page","type-page","status-publish","hentry"],"_links":{"self":[{"href":"https:\/\/buntebueffel.com\/projekte\/digitalpiloten\/wp-json\/wp\/v2\/pages\/86","targetHints":{"allow":["GET"]}}],"collection":[{"href":"https:\/\/buntebueffel.com\/projekte\/digitalpiloten\/wp-json\/wp\/v2\/pages"}],"about":[{"href":"https:\/\/buntebueffel.com\/projekte\/digitalpiloten\/wp-json\/wp\/v2\/types\/page"}],"author":[{"embeddable":true,"href":"https:\/\/buntebueffel.com\/projekte\/digitalpiloten\/wp-json\/wp\/v2\/users\/1"}],"replies":[{"embeddable":true,"href":"https:\/\/buntebueffel.com\/projekte\/digitalpiloten\/wp-json\/wp\/v2\/comments?post=86"}],"version-history":[{"count":15,"href":"https:\/\/buntebueffel.com\/projekte\/digitalpiloten\/wp-json\/wp\/v2\/pages\/86\/revisions"}],"predecessor-version":[{"id":156,"href":"https:\/\/buntebueffel.com\/projekte\/digitalpiloten\/wp-json\/wp\/v2\/pages\/86\/revisions\/156"}],"wp:attachment":[{"href":"https:\/\/buntebueffel.com\/projekte\/digitalpiloten\/wp-json\/wp\/v2\/media?parent=86"}],"curies":[{"name":"wp","href":"https:\/\/api.w.org\/{rel}","templated":true}]}}