{"id":3,"date":"2020-04-14T14:50:34","date_gmt":"2020-04-14T12:50:34","guid":{"rendered":"https:\/\/buntebueffel.com\/projekte\/digitalpiloten\/?page_id=3"},"modified":"2020-05-08T15:43:25","modified_gmt":"2020-05-08T13:43:25","slug":"datenschutzerklaerung","status":"publish","type":"page","link":"https:\/\/buntebueffel.com\/projekte\/digitalpiloten\/datenschutzerklaerung\/","title":{"rendered":"Datenschutzerkl\u00e4rung"},"content":{"rendered":"<section class=\"l-section wpb_row height_medium\"><div class=\"l-section-h i-cf\"><div class=\"g-cols vc_row type_default valign_top\"><div class=\"vc_col-sm-10 wpb_column vc_column_container\"><div class=\"vc_column-inner\"><div class=\"wpb_wrapper\"><div class=\"wpb_text_column\" ><div class=\"wpb_wrapper\"><h1><strong>Datenschutzerkl\u00e4rung<\/strong><\/h1>\n<\/div><\/div><div class=\"w-separator size_small\"><\/div><div class=\"wpb_text_column\" ><div class=\"wpb_wrapper\"><p>Im Folgenden informieren wir Sie \u00fcber die Erhebung personenbezogener Daten bei Nutzung unserer Website. Personenbezogene Daten sind alle Daten, die auf Sie pers\u00f6nlich beziehbar sind, z. B. Name, Adresse, E-Mail-Adressen, IP-Adresse, Benutzername oder ID.<\/p>\n<h3>\u00a7 1 Verantwortlicher.<\/h3>\n<p>Verantwortlicher gem. Art. 4 Abs. 7 EU-Datenschutz-Grundverordnung (DSGVO) und Diensteanbieter gem\u00e4\u00df \u00a7 13 Telemediengesetz (TMG) sind Die-Digital-Piloten, E-Mail: <a href=\"mailto:crew@die-digital-piloten.de\">crew@die-digital-piloten.de<\/a>. N\u00e4heres k\u00f6nnen Sie unserem\u00a0<a href=\"https:\/\/www.buntebueffel.com\/impressum.html\">Impressum<\/a>\u00a0entnehmen. Bei Ihrer Kontaktaufnahme mit uns per E-Mail werden die von Ihnen mitgeteilten Daten (Ihre E-Mail-Adresse, ggf. Ihr Name und Ihre Telefonnummer) von uns gespeichert, um Ihre Fragen zu beantworten. Die in diesem Zusammenhang anfallenden Daten l\u00f6schen wir, nachdem die Speicherung nicht mehr erforderlich ist, oder schr\u00e4nken die Verarbeitung ein, falls gesetzliche Aufbewahrungspflichten bestehen.<\/p>\n<h3>\u00a7 2 Erhebung personenbezogener Daten bei Besuch unserer Website, Zweck.<\/h3>\n<p>(1) Wenn Sie unsere Website betrachten, erheben wir die folgenden Daten, die Ihr Browser an unseren Server \u00fcbermittelt:<\/p>\n<ul>\n<li>IP-Adresse<\/li>\n<li>Datum und Uhrzeit der Anfrage<\/li>\n<li>Zeitzonendifferenz zur Greenwich Mean Time (GMT)<\/li>\n<li>Inhalt der Anforderung (konkrete Seite)<\/li>\n<li>Zugriffsstatus\/HTTP-Statuscode<\/li>\n<li>jeweils \u00fcbertragene Datenmenge<\/li>\n<li>Website, von der die Anforderung kommt<\/li>\n<li>Browser<\/li>\n<li>Betriebssystem und dessen Oberfl\u00e4che<\/li>\n<li>Sprache und Version der Browsersoftware.<\/li>\n<\/ul>\n<p>Sie sind nicht verpflichtet, die vorgenannten Daten bereitzustellen. Die Erhebung der vorgenannten Daten ist nicht gesetzlich vorgeschrieben oder zur Erf\u00fcllung des Vertrags mit Ihnen erforderlich. Sie ist f\u00fcr uns jedoch technisch erforderlich, um die Stabilit\u00e4t und Sicherheit unserer Website zu gew\u00e4hrleisten (Rechtsgrundlage ist damit Art. 6 Abs. 1 S. 1 lit. f DSGVO). Diese Daten werden in diesem Zusammenhang auch dazu genutzt, mit dem Dienst Google Analytics die Nutzung unseres Webservers zu analysieren. Sie werden f\u00fcr die Dauer eines Jahres gespeichert und danach gel\u00f6scht. Die Daten werden auf dem Server unseres Webserver-Betreibers gespeichert. Dies ist iS-Fun Internet Services GmbH.<br \/>(2) Zus\u00e4tzlich zu den zuvor genannten Daten werden bei Ihrer Nutzung unserer Website Cookies auf Ihrem Rechner gespeichert. Bei Cookies handelt es sich um kleine Textdateien, die auf Ihrer Festplatte dem von Ihnen verwendeten Browser zugeordnet gespeichert werden und durch welche der Stelle, die den Cookie setzt (hier also uns), bestimmte Informationen zuflie\u00dfen. Cookies k\u00f6nnen keine Programme ausf\u00fchren oder Viren auf Ihren Computer \u00fcbertragen. Diese Website nutzt Session-Cookies und persistente Cookies. Session Cookies speichern eine sogenannte Session-ID, mit welcher sich verschiedene Anfragen Ihres Browsers der gemeinsamen Sitzung zuordnen lassen. Dadurch kann Ihr Rechner wiedererkannt werden, wenn Sie auf unsere Website zur\u00fcckkehren. Diese ist f\u00fcr die Funktion des Content Management Systems unserer Website erforderlich (Rechtsgrundlage ist Art. 6 Abs. 1 S. 1 lit. f DSGVO in Verbindung mit Art. 95 DSGVO und Art. 5 Abs. 3 der EU-Richtlinie 2002\/58\/EG in ihrer aktuellen Fassung). Die Erhebung der vorgenannten Daten ist jedoch nicht gesetzlich vorgeschrieben oder zur Erf\u00fcllung des Vertrags mit Ihnen erforderlich, Sie sind auch nicht verpflichtet, die Daten bereitzustellen. Die Session-Cookies werden gel\u00f6scht, wenn Sie den Browser schlie\u00dfen. Persistente Cookies werden von uns nicht gel\u00f6scht. Sie sind erforderlich, um Ihre Anforderung auf Abschaltung von Facebook Custom Audiences zu erf\u00fcllen (Rechtsgrundlage ist Art. 6 Abs. 1 S. 1 b) DSGVO). Sie k\u00f6nnen die Cookies in den Sicherheitseinstellungen Ihres Browsers jederzeit l\u00f6schen. Sie k\u00f6nnen Ihre Browser-Einstellung entsprechend Ihren W\u00fcnschen konfigurieren und z. B. die Annahme von Cookies ablehnen. Wir weisen Sie darauf hin, dass Sie dann eventuell nicht alle Funktionen dieser Website nutzen k\u00f6nnen und eine gew\u00e4hlte Abschaltung von Facebook Custom Audiences in diesem Fall nicht mehr funktioniert.<\/p>\n<h3>\u00a7 3 L\u00f6schung unaufgefordert zur Verf\u00fcgung gestellter personenbezogener Daten.<\/h3>\n<p>Alle uns unaufgefordert zur Verf\u00fcgung gestellten personenbezogenen Daten (z.B. Bewerbungen, Anschreiben mit personenbezogenen Daten) werden von uns nicht gespeichert oder anderweitig verarbeitet sondern sofort und ohne R\u00fcckmeldung an den Absender unwiderruflich gel\u00f6scht.<\/p>\n<h3>\u00a74 Ihre Rechte.<\/h3>\n<p>(1) Sie haben gegen\u00fcber uns folgende Rechte hinsichtlich der Sie betreffenden personenbezogenen Daten:<\/p>\n<ul>\n<li>Recht auf Auskunft,<\/li>\n<li>Recht auf Berichtigung,<\/li>\n<li>Recht auf Widerspruch gegen die Verarbeitung gem\u00e4\u00df Absatz. 3,<\/li>\n<li>Recht auf Einschr\u00e4nkung der Verarbeitung gem\u00e4\u00df Abs. 4,<\/li>\n<li>Recht auf L\u00f6schung gem\u00e4\u00df Absatz 5,<\/li>\n<li>Recht auf Daten\u00fcbertragbarkeit (Herausgabe der Daten an Sie).<\/li>\n<\/ul>\n<p>(2) Sie haben zudem das Recht, sich bei der zust\u00e4ndigen Datenschutz-Aufsichtsbeh\u00f6rde \u00fcber die Verarbeitung Ihrer personenbezogenen Daten durch uns zu beschweren. Die f\u00fcr uns zust\u00e4ndige Datenschutzbeh\u00f6rde ist Der Landesbeauftragte f\u00fcr den Datenschutz und die Informationsfreiheit Baden-W\u00fcrttemberg<\/p>\n<p>Dr. Stefan Brink, Postfach 10 29 32, 70025 Stuttgart<br \/>oder: K\u00f6nigstra\u00dfe 10a, 70173 Stuttgart<br \/>Telefon:\u00a0<a href=\"tel:+497116155410\">07 11\/61 55 41-0<\/a>, Telefax: 07 11\/61 55 41-15<br \/>E-Mail:\u00a0<a href=\"mailto:poststelle@lfdi.bwl.de\">poststelle@lfdi.bwl.de<\/a><br \/>Homepage:\u00a0<a href=\"http:\/\/www.baden-wuerttemberg.datenschutz.de\/\" target=\"parent\" rel=\"noopener noreferrer\">http:\/\/www.baden-wuerttemberg.datenschutz.de<\/a><\/p>\n<p>(3) Soweit wir die Verarbeitung Ihrer personenbezogenen Daten auf Ihre Zustimmung gem\u00e4\u00df Art. 6 Abs. 1 S. 1 lit. a DSGVO st\u00fctzen (insbesondere bei Daten, die Sie in unser Kontaktformular eingegeben haben), k\u00f6nnen Sie Einwilligung zur Verarbeitung der personenbezogenen Daten widerrufen, indem Sie eine Mail mit dem Widerruf an diese Adresse senden <a href=\"mailto:crew@die-digital-piloten.de\">crew@die-digital-piloten.de<\/a>. Alle personenbezogenen Daten, die aufgrund der entsprechenden Genehmigung gespeichert wurden, werden in diesem Fall gel\u00f6scht.<br \/>(4) Soweit wir die Verarbeitung Ihrer personenbezogenen Daten auf die Interessenabw\u00e4gung gem\u00e4\u00df Art. 6 Abs. 1 S. 1 lit. f DSGVO st\u00fctzen, k\u00f6nnen Sie Widerspruch gegen die Verarbeitung einlegen, wenn Gr\u00fcnde vorliegen, die sich aus Ihrer besonderen Situation ergeben. Bei Aus\u00fcbung eines solchen Widerspruchs bitten wir um Darlegung der Gr\u00fcnde, weshalb wir aufgrund Ihrer besonderen Situation Ihre personenbezogenen Daten nicht wie von uns durchgef\u00fchrt verarbeiten sollen. Im Falle Ihres begr\u00fcndeten Widerspruchs pr\u00fcfen wir die Sachlage und werden entweder die Datenverarbeitung einstellen bzw. anpassen oder Ihnen unsere zwingenden schutzw\u00fcrdigen Gr\u00fcnde aufzeigen, aufgrund derer wir die Verarbeitung fortf\u00fchren.<br \/>(5) Sie haben das Recht auf Einschr\u00e4nkung der Verarbeitung Ihrer personenbezogenen Daten, wenn Sie die Richtigkeit der von Ihnen gespeicherten personenbezogenen Daten bestreiten oder Widerspruch gem\u00e4\u00df Absatz 3 eingelegt haben f\u00fcr die Dauer der Pr\u00fcfung Ihrer Argumente, sowie sofern wir die Daten nicht mehr ben\u00f6tigen, die Daten aber zur Beweissicherung f\u00fcr Ihre Zwecke weiter gespeichert bleiben sollen.<br \/>(6) Sie haben das Recht auf L\u00f6schung Ihrer personenbezogenen Daten, wenn wir sie f\u00fcr unsere Zwecke nicht mehr ben\u00f6tigen, oder wenn die Pr\u00fcfung gem\u00e4\u00df Absatz 3 ergibt, dass die von Ihnen dargelegt besondere Situation unsere berechtigten Gr\u00fcnde f\u00fcr die Speicherung und Verarbeitung \u00fcberwiegt.<\/p>\n<h3>\u00a75 Zus\u00e4tzliche Dienste<\/h3>\n<p>Wir verwenden ggf. im Einzelnen:<br \/>(1) Doubleclick: Unsere Website benutzt DoubleClick, einen Dienst der Firma Google Inc., 1600 Amphitheatre Parkway, Mountain View, CA 94043, USA. DoubleClick wird dazu verwendet, Anzeigen zu schalten, wenn Sie unsere Website besuchen. DoubleClick nutzt Informationen (jedoch keine personenbezogenen Daten wie Ihren Name oder E-Mail-Adresse) zu Ihren Besuchen dieser und anderer Websites, damit Anzeigen zu Produkten und Diensten geschaltet werden k\u00f6nnen, die Sie interessieren. Falls Sie mehr \u00fcber diese Methoden erfahren m\u00f6chten oder wissen m\u00f6chten, welche M\u00f6glichkeiten Sie haben, damit diese Informationen nicht von DoubleClick verwendet werden k\u00f6nnen, klicken Sie hier:\u00a0<a href=\"http:\/\/www.google.de\/policies\/technologies\/ads\/\" target=\"parent\" rel=\"noopener noreferrer\">www.google.de\/policies\/technologies\/ads\/<\/a>.<br \/>(2) Google (incl. Google-Maps sowie Google-Analytics): Auf unserer Seite wird Java-Script Code des Unternehmens Google Inc., 1600 Amphitheatre Parkway, Mountain View, CA 94043, USA (nachfolgend: Google) nachgeladen. Wenn Sie in Ihrem Browser Java-Script aktiviert und keinen Java-Script-Blocker installiert haben, wird Ihr Browser ggf. personenbezogene Daten an Google \u00fcbermitteln. Uns ist nicht bekannt, welche Daten Google mit den erhaltenen Daten verkn\u00fcpft und zu welchen Zwecken Google diese Daten verwendet. Um die Ausf\u00fchrung von Java-Script Code von Google insgesamt zu verhindern, k\u00f6nnen Sie einen Java-Script-Blocker installieren (z.B. www.noscript.net).<br \/>(3)Google-Apis: Auf unserer Website werden Google APIs der Firma Google Inc., 1600 Amphitheatre Parkway, Mountain View, CA 94043, USA (nachfolgend: Google). verwendet. Dabei handelt es sich um eine von Google bereitgestellte Programmschnittstelle. Im Rahmen der Benutzung k\u00f6nnen dadurch Daten, wie insbesondere die IP-Adresse, an Google \u00fcbermittelt werden. Sie k\u00f6nnen die Erfassung und Weiterleitung personenbezogenen Daten (insb. Ihrer IP-Adresse) an Google sowie die Verarbeitung dieser Daten durch Google verhindern, indem sie die Ausf\u00fchrung von Java-Script in Ihrem Browser deaktivieren oder ein Tool wie \u201aNoScript\u2018 installieren.<br \/>(4)Google Video: Auf unserer Seite wird Java-Script Code des Unternehmens Google Inc., 1600 Amphitheatre Parkway, Mountain View, CA 94043, USA (nachfolgend: Google Video) nachgeladen. Wenn Sie in Ihrem Browser Java-Script aktiviert und keinen Java-Script-Blocker installiert haben, wird Ihr Browser ggf. personenbezogene Daten an Google Video \u00fcbermitteln. Uns ist nicht bekannt, welche Daten Google Video mit den erhaltenen Daten verkn\u00fcpft und zu welchen Zwecken Google Video diese Daten verwendet. Weitere Informationen hierzu finden Sie in der Datenschutzerkl\u00e4rung von Google Video:\u00a0<a href=\"http:\/\/www.google.de\/intl\/de\/policies\/privacy\/\" target=\"parent\" rel=\"noopener noreferrer\">www.google.de\/intl\/de\/policies\/privacy\/<\/a>. Um die Ausf\u00fchrung von Java-Script Code von Google Video insgesamt zu verhindern, k\u00f6nnen Sie einen Java-Script-Blocker installieren (z.B. www.noscript.net oder www.ghostery.com).<\/p>\n<\/div><\/div><\/div><\/div><\/div><div class=\"vc_col-sm-2 wpb_column vc_column_container\"><div class=\"vc_column-inner\"><div class=\"wpb_wrapper\"><\/div><\/div><\/div><\/div><\/div><\/section>","protected":false},"excerpt":{"rendered":"Datenschutzerkl\u00e4rung Im Folgenden informieren wir Sie \u00fcber die Erhebung personenbezogener Daten bei Nutzung unserer Website. Personenbezogene Daten sind alle Daten, die auf Sie pers\u00f6nlich beziehbar sind, z. B. Name, Adresse, E-Mail-Adressen, IP-Adresse, Benutzername oder ID. \u00a7 1 Verantwortlicher. Verantwortlicher gem. Art. 4 Abs. 7 EU-Datenschutz-Grundverordnung (DSGVO) und Diensteanbieter gem\u00e4\u00df \u00a7 13 Telemediengesetz (TMG) sind Die-Digital-Piloten,...","protected":false},"author":1,"featured_media":0,"parent":0,"menu_order":0,"comment_status":"closed","ping_status":"open","template":"","meta":{"footnotes":""},"class_list":["post-3","page","type-page","status-publish","hentry"],"_links":{"self":[{"href":"https:\/\/buntebueffel.com\/projekte\/digitalpiloten\/wp-json\/wp\/v2\/pages\/3","targetHints":{"allow":["GET"]}}],"collection":[{"href":"https:\/\/buntebueffel.com\/projekte\/digitalpiloten\/wp-json\/wp\/v2\/pages"}],"about":[{"href":"https:\/\/buntebueffel.com\/projekte\/digitalpiloten\/wp-json\/wp\/v2\/types\/page"}],"author":[{"embeddable":true,"href":"https:\/\/buntebueffel.com\/projekte\/digitalpiloten\/wp-json\/wp\/v2\/users\/1"}],"replies":[{"embeddable":true,"href":"https:\/\/buntebueffel.com\/projekte\/digitalpiloten\/wp-json\/wp\/v2\/comments?post=3"}],"version-history":[{"count":19,"href":"https:\/\/buntebueffel.com\/projekte\/digitalpiloten\/wp-json\/wp\/v2\/pages\/3\/revisions"}],"predecessor-version":[{"id":142,"href":"https:\/\/buntebueffel.com\/projekte\/digitalpiloten\/wp-json\/wp\/v2\/pages\/3\/revisions\/142"}],"wp:attachment":[{"href":"https:\/\/buntebueffel.com\/projekte\/digitalpiloten\/wp-json\/wp\/v2\/media?parent=3"}],"curies":[{"name":"wp","href":"https:\/\/api.w.org\/{rel}","templated":true}]}}